{"id":440,"date":"2024-04-23T11:54:50","date_gmt":"2024-04-23T11:54:50","guid":{"rendered":"https:\/\/20milimetros.pt\/?page_id=440"},"modified":"2025-02-14T16:48:39","modified_gmt":"2025-02-14T16:48:39","slug":"sobre-nos","status":"publish","type":"page","link":"https:\/\/20milimetros.com\/en\/sobre-nos\/","title":{"rendered":"About us"},"content":{"rendered":"<p data-start=\"152\" data-end=\"453\">20 Mil\u00edmetros offers minimalist aluminium windows that transform spaces into open, bright, and sophisticated environments. We work with innovative systems that ensure transparency, lightness, and seamless integration between indoor and outdoor spaces, featuring an exclusive and functional design.<\/p>\n<p data-start=\"455\" data-end=\"702\">Our minimalist windows stand out for their subtle lines, ultra-slim profiles, and excellent thermal and acoustic performance. Each project is unique, and our solutions adapt to different architectural styles, ensuring maximum customisation and quality.<\/p>\n<p data-start=\"704\" data-end=\"859\">20 Mil\u00edmetros is dedicated to offering products that merge innovation, aesthetics, and advanced technology, enhancing architectural design to new heights.<\/p>","protected":false},"excerpt":{"rendered":"<p>A 20 Mil\u00edmetros disponibiliza janelas minimalistas de alum\u00ednio, que transformam espa\u00e7os em ambientes amplos, luminosos e sofisticados. Trabalhamos com sistemas inovadores que garantem transpar\u00eancia, leveza e integra\u00e7\u00e3o perfeita entre interior e exterior, com um design exclusivo e funcional. As nossas janelas minimalistas destacam-se pelas linhas subtis, perfis ultra finos e excelente desempenho t\u00e9rmico e ac\u00fastico. [&hellip;]<\/p>\n","protected":false},"author":1,"featured_media":598,"parent":0,"menu_order":0,"comment_status":"closed","ping_status":"closed","template":"pages\/page-about.php","meta":{"_acf_changed":false,"footnotes":""},"class_list":["post-440","page","type-page","status-publish","has-post-thumbnail","hentry"],"acf":[],"yoast_head":"<!-- This site is optimized with the Yoast SEO plugin v27.3 - https:\/\/yoast.com\/product\/yoast-seo-wordpress\/ -->\n<title>Sobre N\u00f3s - 20 Milimetros<\/title>\n<meta name=\"description\" content=\"A 20 Mil\u00edmetros oferece janelas minimalistas de alum\u00ednio que maximizam a luz natural e criam uma liga\u00e7\u00e3o perfeita entre interior e exterior.\" \/>\n<meta name=\"robots\" content=\"index, follow, max-snippet:-1, max-image-preview:large, max-video-preview:-1\" \/>\n<link rel=\"canonical\" href=\"https:\/\/20milimetros.com\/en\/sobre-nos\/\" \/>\n<meta property=\"og:locale\" content=\"en_GB\" \/>\n<meta property=\"og:type\" content=\"article\" \/>\n<meta property=\"og:title\" content=\"Sobre N\u00f3s - 20 Milimetros\" \/>\n<meta property=\"og:description\" content=\"A 20 Mil\u00edmetros oferece janelas minimalistas de alum\u00ednio que maximizam a luz natural e criam uma liga\u00e7\u00e3o perfeita entre interior e exterior.\" \/>\n<meta property=\"og:url\" content=\"https:\/\/20milimetros.com\/en\/sobre-nos\/\" \/>\n<meta property=\"og:site_name\" content=\"20 Milimetros\" \/>\n<meta property=\"article:modified_time\" content=\"2025-02-14T16:48:39+00:00\" \/>\n<meta property=\"og:image\" content=\"https:\/\/20milimetros.com\/wp-content\/uploads\/2024\/06\/140-scaled.jpg\" \/>\n\t<meta property=\"og:image:width\" content=\"2560\" \/>\n\t<meta property=\"og:image:height\" content=\"2550\" \/>\n\t<meta property=\"og:image:type\" content=\"image\/jpeg\" \/>\n<meta name=\"twitter:card\" content=\"summary_large_image\" \/>\n<meta name=\"twitter:label1\" content=\"Estimated reading time\" \/>\n\t<meta name=\"twitter:data1\" content=\"1 minute\" \/>\n<script type=\"application\/ld+json\" class=\"yoast-schema-graph\">{\"@context\":\"https:\\\/\\\/schema.org\",\"@graph\":[{\"@type\":\"WebPage\",\"@id\":\"https:\\\/\\\/20milimetros.com\\\/sobre-nos\\\/\",\"url\":\"https:\\\/\\\/20milimetros.com\\\/sobre-nos\\\/\",\"name\":\"Sobre N\u00f3s - 20 Milimetros\",\"isPartOf\":{\"@id\":\"https:\\\/\\\/20milimetros.com\\\/#website\"},\"primaryImageOfPage\":{\"@id\":\"https:\\\/\\\/20milimetros.com\\\/sobre-nos\\\/#primaryimage\"},\"image\":{\"@id\":\"https:\\\/\\\/20milimetros.com\\\/sobre-nos\\\/#primaryimage\"},\"thumbnailUrl\":\"https:\\\/\\\/20milimetros.com\\\/wp-content\\\/uploads\\\/2024\\\/06\\\/140-scaled.jpg\",\"datePublished\":\"2024-04-23T11:54:50+00:00\",\"dateModified\":\"2025-02-14T16:48:39+00:00\",\"description\":\"A 20 Mil\u00edmetros oferece janelas minimalistas de alum\u00ednio que maximizam a luz natural e criam uma liga\u00e7\u00e3o perfeita entre interior e exterior.\",\"breadcrumb\":{\"@id\":\"https:\\\/\\\/20milimetros.com\\\/sobre-nos\\\/#breadcrumb\"},\"inLanguage\":\"en-GB\",\"potentialAction\":[{\"@type\":\"ReadAction\",\"target\":[\"https:\\\/\\\/20milimetros.com\\\/sobre-nos\\\/\"]}]},{\"@type\":\"ImageObject\",\"inLanguage\":\"en-GB\",\"@id\":\"https:\\\/\\\/20milimetros.com\\\/sobre-nos\\\/#primaryimage\",\"url\":\"https:\\\/\\\/20milimetros.com\\\/wp-content\\\/uploads\\\/2024\\\/06\\\/140-scaled.jpg\",\"contentUrl\":\"https:\\\/\\\/20milimetros.com\\\/wp-content\\\/uploads\\\/2024\\\/06\\\/140-scaled.jpg\",\"width\":2560,\"height\":2550,\"caption\":\"Janela de alum\u00ednio minimalista que maximiza a entrada de luz natural, com uma transi\u00e7\u00e3o harmoniosa entre o interior e o exterior, eleva o design do espa\u00e7o.\"},{\"@type\":\"BreadcrumbList\",\"@id\":\"https:\\\/\\\/20milimetros.com\\\/sobre-nos\\\/#breadcrumb\",\"itemListElement\":[{\"@type\":\"ListItem\",\"position\":1,\"name\":\"In\u00edcio\",\"item\":\"https:\\\/\\\/20milimetros.com\\\/\"},{\"@type\":\"ListItem\",\"position\":2,\"name\":\"Sobre N\u00f3s\"}]},{\"@type\":\"WebSite\",\"@id\":\"https:\\\/\\\/20milimetros.com\\\/#website\",\"url\":\"https:\\\/\\\/20milimetros.com\\\/\",\"name\":\"20 Milimetros\",\"description\":\"Perfect Achivment\",\"potentialAction\":[{\"@type\":\"SearchAction\",\"target\":{\"@type\":\"EntryPoint\",\"urlTemplate\":\"https:\\\/\\\/20milimetros.com\\\/?s={search_term_string}\"},\"query-input\":{\"@type\":\"PropertyValueSpecification\",\"valueRequired\":true,\"valueName\":\"search_term_string\"}}],\"inLanguage\":\"en-GB\"}]}<\/script>\n<!-- \/ Yoast SEO plugin. -->","yoast_head_json":{"title":"Sobre N\u00f3s - 20 Milimetros","description":"A 20 Mil\u00edmetros oferece janelas minimalistas de alum\u00ednio que maximizam a luz natural e criam uma liga\u00e7\u00e3o perfeita entre interior e exterior.","robots":{"index":"index","follow":"follow","max-snippet":"max-snippet:-1","max-image-preview":"max-image-preview:large","max-video-preview":"max-video-preview:-1"},"canonical":"https:\/\/20milimetros.com\/en\/sobre-nos\/","og_locale":"en_GB","og_type":"article","og_title":"Sobre N\u00f3s - 20 Milimetros","og_description":"A 20 Mil\u00edmetros oferece janelas minimalistas de alum\u00ednio que maximizam a luz natural e criam uma liga\u00e7\u00e3o perfeita entre interior e exterior.","og_url":"https:\/\/20milimetros.com\/en\/sobre-nos\/","og_site_name":"20 Milimetros","article_modified_time":"2025-02-14T16:48:39+00:00","og_image":[{"width":2560,"height":2550,"url":"https:\/\/20milimetros.com\/wp-content\/uploads\/2024\/06\/140-scaled.jpg","type":"image\/jpeg"}],"twitter_card":"summary_large_image","twitter_misc":{"Estimated reading time":"1 minute"},"schema":{"@context":"https:\/\/schema.org","@graph":[{"@type":"WebPage","@id":"https:\/\/20milimetros.com\/sobre-nos\/","url":"https:\/\/20milimetros.com\/sobre-nos\/","name":"Sobre N\u00f3s - 20 Milimetros","isPartOf":{"@id":"https:\/\/20milimetros.com\/#website"},"primaryImageOfPage":{"@id":"https:\/\/20milimetros.com\/sobre-nos\/#primaryimage"},"image":{"@id":"https:\/\/20milimetros.com\/sobre-nos\/#primaryimage"},"thumbnailUrl":"https:\/\/20milimetros.com\/wp-content\/uploads\/2024\/06\/140-scaled.jpg","datePublished":"2024-04-23T11:54:50+00:00","dateModified":"2025-02-14T16:48:39+00:00","description":"A 20 Mil\u00edmetros oferece janelas minimalistas de alum\u00ednio que maximizam a luz natural e criam uma liga\u00e7\u00e3o perfeita entre interior e exterior.","breadcrumb":{"@id":"https:\/\/20milimetros.com\/sobre-nos\/#breadcrumb"},"inLanguage":"en-GB","potentialAction":[{"@type":"ReadAction","target":["https:\/\/20milimetros.com\/sobre-nos\/"]}]},{"@type":"ImageObject","inLanguage":"en-GB","@id":"https:\/\/20milimetros.com\/sobre-nos\/#primaryimage","url":"https:\/\/20milimetros.com\/wp-content\/uploads\/2024\/06\/140-scaled.jpg","contentUrl":"https:\/\/20milimetros.com\/wp-content\/uploads\/2024\/06\/140-scaled.jpg","width":2560,"height":2550,"caption":"Janela de alum\u00ednio minimalista que maximiza a entrada de luz natural, com uma transi\u00e7\u00e3o harmoniosa entre o interior e o exterior, eleva o design do espa\u00e7o."},{"@type":"BreadcrumbList","@id":"https:\/\/20milimetros.com\/sobre-nos\/#breadcrumb","itemListElement":[{"@type":"ListItem","position":1,"name":"In\u00edcio","item":"https:\/\/20milimetros.com\/"},{"@type":"ListItem","position":2,"name":"Sobre N\u00f3s"}]},{"@type":"WebSite","@id":"https:\/\/20milimetros.com\/#website","url":"https:\/\/20milimetros.com\/","name":"20 Milimetros","description":"Perfect Achivment","potentialAction":[{"@type":"SearchAction","target":{"@type":"EntryPoint","urlTemplate":"https:\/\/20milimetros.com\/?s={search_term_string}"},"query-input":{"@type":"PropertyValueSpecification","valueRequired":true,"valueName":"search_term_string"}}],"inLanguage":"en-GB"}]}},"_links":{"self":[{"href":"https:\/\/20milimetros.com\/en\/wp-json\/wp\/v2\/pages\/440","targetHints":{"allow":["GET"]}}],"collection":[{"href":"https:\/\/20milimetros.com\/en\/wp-json\/wp\/v2\/pages"}],"about":[{"href":"https:\/\/20milimetros.com\/en\/wp-json\/wp\/v2\/types\/page"}],"author":[{"embeddable":true,"href":"https:\/\/20milimetros.com\/en\/wp-json\/wp\/v2\/users\/1"}],"replies":[{"embeddable":true,"href":"https:\/\/20milimetros.com\/en\/wp-json\/wp\/v2\/comments?post=440"}],"version-history":[{"count":10,"href":"https:\/\/20milimetros.com\/en\/wp-json\/wp\/v2\/pages\/440\/revisions"}],"predecessor-version":[{"id":732,"href":"https:\/\/20milimetros.com\/en\/wp-json\/wp\/v2\/pages\/440\/revisions\/732"}],"wp:featuredmedia":[{"embeddable":true,"href":"https:\/\/20milimetros.com\/en\/wp-json\/wp\/v2\/media\/598"}],"wp:attachment":[{"href":"https:\/\/20milimetros.com\/en\/wp-json\/wp\/v2\/media?parent=440"}],"curies":[{"name":"wp","href":"https:\/\/api.w.org\/{rel}","templated":true}]}}